{"id":14724,"date":"2024-03-18T18:52:02","date_gmt":"2024-03-18T17:52:02","guid":{"rendered":"https:\/\/www.tradas.com\/?page_id=14724"},"modified":"2024-03-18T19:16:06","modified_gmt":"2024-03-18T18:16:06","slug":"blog","status":"publish","type":"page","link":"https:\/\/www.tradas.com\/fr\/blog\/","title":{"rendered":"Blog"},"content":{"rendered":"\t\t<div data-elementor-type=\"wp-page\" data-elementor-id=\"14724\" class=\"elementor elementor-14724 elementor-14596\" data-elementor-post-type=\"page\">\n\t\t\t\t<div class=\"elementor-element elementor-element-0ca5b8b e-flex e-con-boxed e-con e-parent\" data-id=\"0ca5b8b\" data-element_type=\"container\" data-e-type=\"container\">\n\t\t\t\t\t<div class=\"e-con-inner\">\n\t\t\t\t<div class=\"elementor-element elementor-element-8e0ef89 elementor-widget elementor-widget-jet-breadcrumbs\" data-id=\"8e0ef89\" data-element_type=\"widget\" data-e-type=\"widget\" data-widget_type=\"jet-breadcrumbs.default\">\n\t\t\t\t<div class=\"elementor-widget-container\">\n\t\t\t\t\t<div class=\"elementor-jet-breadcrumbs jet-blocks\">\n\t\t<div class=\"jet-breadcrumbs\">\n\t\t<div class=\"jet-breadcrumbs__content\">\n\t\t<div class=\"jet-breadcrumbs__wrap\"><div class=\"jet-breadcrumbs__item\"><a href=\"https:\/\/www.tradas.com\/fr\/\" class=\"jet-breadcrumbs__item-link is-home\" rel=\"home\" title=\"Accueil\">Accueil<\/a><\/div>\n\t\t<\/div>\n\t\t<\/div>\n\t\t<\/div><\/div>\t\t\t\t<\/div>\n\t\t\t\t<\/div>\n\t\t\t\t<div class=\"elementor-element elementor-element-f1bf419 elementor-widget elementor-widget-heading\" data-id=\"f1bf419\" data-element_type=\"widget\" data-e-type=\"widget\" data-widget_type=\"heading.default\">\n\t\t\t\t<div class=\"elementor-widget-container\">\n\t\t\t\t\t<h2 class=\"elementor-heading-title elementor-size-default\">Blog<\/h2>\t\t\t\t<\/div>\n\t\t\t\t<\/div>\n\t\t\t\t<div class=\"elementor-element elementor-element-3cb95ce elementor-widget elementor-widget-text-editor\" data-id=\"3cb95ce\" data-element_type=\"widget\" data-e-type=\"widget\" data-widget_type=\"text-editor.default\">\n\t\t\t\t<div class=\"elementor-widget-container\">\n\t\t\t\t\t\t\t\t\t<p style=\"text-align: center;\">Bienvenue sur notre page blog !<br \/>D\u00e9couvrez avec Tradas l&rsquo;univers de la communication multilingue. <span style=\"text-align: var(--text-align); color: var( --e-global-color-e83a1bf ); font-family: var( --e-global-typography-primary-font-family ),Sans-serif; font-size: 1rem; font-weight: var( --e-global-typography-primary-font-weight );\">Nous vous fournirons des informations pr\u00e9cieuses pour votre entreprise ou votre organisation.<\/span><\/p>\t\t\t\t\t\t\t\t<\/div>\n\t\t\t\t<\/div>\n\t\t\t\t\t<\/div>\n\t\t\t\t<\/div>\n\t\t<div class=\"elementor-element elementor-element-3594e24 e-flex e-con-boxed e-con e-parent\" data-id=\"3594e24\" data-element_type=\"container\" data-e-type=\"container\">\n\t\t\t\t\t<div class=\"e-con-inner\">\n\t\t\t\t<div class=\"elementor-element elementor-element-7424640 elementor-grid-3 elementor-grid-tablet-2 elementor-grid-mobile-1 elementor-posts--thumbnail-top elementor-widget elementor-widget-posts\" data-id=\"7424640\" data-element_type=\"widget\" data-e-type=\"widget\" data-settings=\"{&quot;classic_columns&quot;:&quot;3&quot;,&quot;classic_columns_tablet&quot;:&quot;2&quot;,&quot;classic_columns_mobile&quot;:&quot;1&quot;,&quot;classic_row_gap&quot;:{&quot;unit&quot;:&quot;px&quot;,&quot;size&quot;:35,&quot;sizes&quot;:[]},&quot;classic_row_gap_tablet&quot;:{&quot;unit&quot;:&quot;px&quot;,&quot;size&quot;:&quot;&quot;,&quot;sizes&quot;:[]},&quot;classic_row_gap_mobile&quot;:{&quot;unit&quot;:&quot;px&quot;,&quot;size&quot;:&quot;&quot;,&quot;sizes&quot;:[]}}\" data-widget_type=\"posts.classic\">\n\t\t\t\t<div class=\"elementor-widget-container\">\n\t\t\t\t\t\t\t<div class=\"elementor-posts-container elementor-posts elementor-posts--skin-classic elementor-grid\" role=\"list\">\n\t\t\t\t<article class=\"elementor-post elementor-grid-item post-14906 post type-post status-publish format-standard has-post-thumbnail hentry category-blog-fr tag-services-juridiques\" role=\"listitem\">\n\t\t\t\t<a class=\"elementor-post__thumbnail__link\" href=\"https:\/\/www.tradas.com\/fr\/traduction-assermentee-quand-est-elle-necessaire\/\" tabindex=\"-1\" >\n\t\t\t<div class=\"elementor-post__thumbnail\"><img decoding=\"async\" width=\"300\" height=\"150\" src=\"https:\/\/www.tradas.com\/wp-content\/uploads\/2024\/09\/post-banner-wide.jpg\" class=\"attachment-medium size-medium wp-image-14959\" alt=\"traduction asserment\u00e9e tradas\" \/><\/div>\n\t\t<\/a>\n\t\t\t\t<div class=\"elementor-post__text\">\n\t\t\t\t<h3 class=\"elementor-post__title\">\n\t\t\t<a href=\"https:\/\/www.tradas.com\/fr\/traduction-assermentee-quand-est-elle-necessaire\/\" >\n\t\t\t\tTraduction asserment\u00e9e\u202f: quand est-elle n\u00e9cessaire\u202f?\t\t\t<\/a>\n\t\t<\/h3>\n\t\t\t\t<div class=\"elementor-post__meta-data\">\n\t\t\t\t\t<span class=\"elementor-post-date\">\n\t\t\t30 septembre 2024\t\t<\/span>\n\t\t\t\t<\/div>\n\t\t\t\t<div class=\"elementor-post__excerpt\">\n\t\t\t<p>Une traduction asserment\u00e9e constitue un \u00e9l\u00e9ment crucial des proc\u00e9dures administratives en Belgique et \u00e0 l\u2019\u00e9tranger. Pourtant, les d\u00e9cideurs d\u2019entreprises ou d\u2019organisations la confondent souvent avec une traduction juridique.\u00a0 Quel est exactement votre besoin\u202f: une traduction asserment\u00e9e ou tout simplement une traduction juridique\u202f? Tradas se fera un plaisir de vous guider\u00a0tout au long de ce processus.\u00a0<\/p>\n\t\t<\/div>\n\t\t\t\t\t<div class=\"elementor-post__read-more-wrapper\">\n\t\t\n\t\t<a class=\"elementor-post__read-more\" href=\"https:\/\/www.tradas.com\/fr\/traduction-assermentee-quand-est-elle-necessaire\/\" aria-label=\"En savoir plus sur Traduction asserment\u00e9e\u202f: quand est-elle n\u00e9cessaire\u202f?\" tabindex=\"-1\" >\n\t\t\tEn savoir plus\t\t<\/a>\n\n\t\t\t\t\t<\/div>\n\t\t\t\t<\/div>\n\t\t\t\t<\/article>\n\t\t\t\t<article class=\"elementor-post elementor-grid-item post-14700 post type-post status-publish format-standard has-post-thumbnail hentry category-non-classifiee tag-services-audiovisuels\" role=\"listitem\">\n\t\t\t\t<a class=\"elementor-post__thumbnail__link\" href=\"https:\/\/www.tradas.com\/fr\/3-conseils-efficaces-pour-tirer-le-meilleur-parti-de-votre-transcription\/\" tabindex=\"-1\" >\n\t\t\t<div class=\"elementor-post__thumbnail\"><img fetchpriority=\"high\" decoding=\"async\" width=\"300\" height=\"200\" src=\"https:\/\/www.tradas.com\/wp-content\/uploads\/2024\/03\/White-laptop-and-headphones.jpg\" class=\"attachment-medium size-medium wp-image-14595\" alt=\"Transcription Tradas\" \/><\/div>\n\t\t<\/a>\n\t\t\t\t<div class=\"elementor-post__text\">\n\t\t\t\t<h3 class=\"elementor-post__title\">\n\t\t\t<a href=\"https:\/\/www.tradas.com\/fr\/3-conseils-efficaces-pour-tirer-le-meilleur-parti-de-votre-transcription\/\" >\n\t\t\t\t3 conseils efficaces pour tirer le meilleur parti de votre transcription\t\t\t<\/a>\n\t\t<\/h3>\n\t\t\t\t<div class=\"elementor-post__meta-data\">\n\t\t\t\t\t<span class=\"elementor-post-date\">\n\t\t\t23 septembre 2024\t\t<\/span>\n\t\t\t\t<\/div>\n\t\t\t\t<div class=\"elementor-post__excerpt\">\n\t\t\t<p>Lors de l&rsquo;enregistrement audio, qui sera ensuite transcrit, il est toujours pr\u00e9f\u00e9rable de travailler dans un studio d&rsquo;enregistrement. Malheureusement, ce n&rsquo;est pas toujours possible pour tout le monde et pour tous les projets de transcription, c&rsquo;est pourquoi nous avons rassembl\u00e9 quelques conseils et astuces simples et efficaces pour obtenir de meilleurs r\u00e9sultats.  <\/p>\n\t\t<\/div>\n\t\t\t\t\t<div class=\"elementor-post__read-more-wrapper\">\n\t\t\n\t\t<a class=\"elementor-post__read-more\" href=\"https:\/\/www.tradas.com\/fr\/3-conseils-efficaces-pour-tirer-le-meilleur-parti-de-votre-transcription\/\" aria-label=\"En savoir plus sur 3 conseils efficaces pour tirer le meilleur parti de votre transcription\" tabindex=\"-1\" >\n\t\t\tEn savoir plus\t\t<\/a>\n\n\t\t\t\t\t<\/div>\n\t\t\t\t<\/div>\n\t\t\t\t<\/article>\n\t\t\t\t<\/div>\n\t\t\n\t\t\t\t\t\t<\/div>\n\t\t\t\t<\/div>\n\t\t\t\t\t<\/div>\n\t\t\t\t<\/div>\n\t\t\t\t<\/div>\n\t\t","protected":false},"excerpt":{"rendered":"<p>Accueil Blog Bienvenue sur notre page blog ! D\u00e9couvrez avec Tradas l&rsquo;univers de la communication multilingue. Nous vous fournirons des informations pr\u00e9cieuses pour votre entreprise ou votre organisation.<\/p>\n","protected":false},"author":12,"featured_media":0,"parent":0,"menu_order":0,"comment_status":"closed","ping_status":"closed","template":"","meta":{"footnotes":""},"class_list":["post-14724","page","type-page","status-publish","hentry"],"_links":{"self":[{"href":"https:\/\/www.tradas.com\/fr\/wp-json\/wp\/v2\/pages\/14724","targetHints":{"allow":["GET"]}}],"collection":[{"href":"https:\/\/www.tradas.com\/fr\/wp-json\/wp\/v2\/pages"}],"about":[{"href":"https:\/\/www.tradas.com\/fr\/wp-json\/wp\/v2\/types\/page"}],"author":[{"embeddable":true,"href":"https:\/\/www.tradas.com\/fr\/wp-json\/wp\/v2\/users\/12"}],"replies":[{"embeddable":true,"href":"https:\/\/www.tradas.com\/fr\/wp-json\/wp\/v2\/comments?post=14724"}],"version-history":[{"count":0,"href":"https:\/\/www.tradas.com\/fr\/wp-json\/wp\/v2\/pages\/14724\/revisions"}],"wp:attachment":[{"href":"https:\/\/www.tradas.com\/fr\/wp-json\/wp\/v2\/media?parent=14724"}],"curies":[{"name":"wp","href":"https:\/\/api.w.org\/{rel}","templated":true}]}}