{"id":3015,"date":"2017-07-17T16:42:38","date_gmt":"2017-07-17T14:42:38","guid":{"rendered":"http:\/\/www.tradas.com\/?page_id=3015\/"},"modified":"2026-03-25T16:26:10","modified_gmt":"2026-03-25T15:26:10","slug":"processus-traduction","status":"publish","type":"page","link":"https:\/\/www.tradas.com\/fr\/gestion-traduction\/processus-traduction\/","title":{"rendered":"Processus de traduction"},"content":{"rendered":"\t\t<div data-elementor-type=\"wp-page\" data-elementor-id=\"3015\" class=\"elementor elementor-3015 elementor-973\" data-elementor-post-type=\"page\">\n\t\t\t\t\t\t<section class=\"elementor-section elementor-top-section elementor-element elementor-element-fbaf65a elementor-section-boxed elementor-section-height-default elementor-section-height-default\" data-id=\"fbaf65a\" data-element_type=\"section\" data-e-type=\"section\" data-settings=\"{&quot;background_background&quot;:&quot;gradient&quot;}\">\n\t\t\t\t\t\t<div class=\"elementor-container elementor-column-gap-default\">\n\t\t\t\t\t<div class=\"elementor-column elementor-col-100 elementor-top-column elementor-element elementor-element-219046e\" data-id=\"219046e\" data-element_type=\"column\" data-e-type=\"column\">\n\t\t\t<div class=\"elementor-widget-wrap elementor-element-populated\">\n\t\t\t\t\t\t<div class=\"elementor-element elementor-element-5592571 elementor-widget elementor-widget-heading\" data-id=\"5592571\" data-element_type=\"widget\" data-e-type=\"widget\" data-widget_type=\"heading.default\">\n\t\t\t\t<div class=\"elementor-widget-container\">\n\t\t\t\t\t<h1 class=\"elementor-heading-title elementor-size-default\">Traduction et localisation \u2013 \u00e9tape par \u00e9tape<\/h1>\t\t\t\t<\/div>\n\t\t\t\t<\/div>\n\t\t\t\t\t<\/div>\n\t\t<\/div>\n\t\t\t\t\t<\/div>\n\t\t<\/section>\n\t\t\t\t<section class=\"elementor-section elementor-top-section elementor-element elementor-element-e6cca71 elementor-section-boxed elementor-section-height-default elementor-section-height-default\" data-id=\"e6cca71\" data-element_type=\"section\" data-e-type=\"section\" data-settings=\"{&quot;background_background&quot;:&quot;classic&quot;}\">\n\t\t\t\t\t\t<div class=\"elementor-container elementor-column-gap-no\">\n\t\t\t\t\t<div class=\"elementor-column elementor-col-100 elementor-top-column elementor-element elementor-element-8f771ea\" data-id=\"8f771ea\" data-element_type=\"column\" data-e-type=\"column\">\n\t\t\t<div class=\"elementor-widget-wrap elementor-element-populated\">\n\t\t\t\t\t\t<section class=\"elementor-section elementor-inner-section elementor-element elementor-element-4e162c4 elementor-section-boxed elementor-section-height-default elementor-section-height-default\" data-id=\"4e162c4\" data-element_type=\"section\" data-e-type=\"section\" data-settings=\"{&quot;animation&quot;:&quot;none&quot;}\">\n\t\t\t\t\t\t<div class=\"elementor-container elementor-column-gap-no\">\n\t\t\t\t\t<div class=\"elementor-column elementor-col-50 elementor-inner-column elementor-element elementor-element-79552f7\" data-id=\"79552f7\" data-element_type=\"column\" data-e-type=\"column\">\n\t\t\t<div class=\"elementor-widget-wrap elementor-element-populated\">\n\t\t\t\t\t\t<div class=\"elementor-element elementor-element-80a8c16 elementor-position-left elementor-vertical-align-middle elementor-invisible elementor-widget elementor-widget-image-box\" data-id=\"80a8c16\" data-element_type=\"widget\" data-e-type=\"widget\" data-settings=\"{&quot;_animation&quot;:&quot;fadeInLeft&quot;}\" data-widget_type=\"image-box.default\">\n\t\t\t\t<div class=\"elementor-widget-container\">\n\t\t\t\t\t<div class=\"elementor-image-box-wrapper\"><figure class=\"elementor-image-box-img\"><img decoding=\"async\" width=\"96\" height=\"94\" src=\"https:\/\/www.tradas.com\/wp-content\/uploads\/2017\/07\/translation-icon_new.png\" class=\"attachment-full size-full wp-image-1586\" alt=\"\" \/><\/figure><div class=\"elementor-image-box-content\"><h4 class=\"elementor-image-box-title\">Processus de traduction<\/h4><\/div><\/div>\t\t\t\t<\/div>\n\t\t\t\t<\/div>\n\t\t\t\t\t<\/div>\n\t\t<\/div>\n\t\t\t\t<div class=\"elementor-column elementor-col-50 elementor-inner-column elementor-element elementor-element-cc381e6\" data-id=\"cc381e6\" data-element_type=\"column\" data-e-type=\"column\">\n\t\t\t<div class=\"elementor-widget-wrap elementor-element-populated\">\n\t\t\t\t\t\t<div class=\"elementor-element elementor-element-5288303 elementor-position-left elementor-vertical-align-middle elementor-invisible elementor-widget elementor-widget-image-box\" data-id=\"5288303\" data-element_type=\"widget\" data-e-type=\"widget\" data-settings=\"{&quot;_animation&quot;:&quot;fadeInRight&quot;}\" data-widget_type=\"image-box.default\">\n\t\t\t\t<div class=\"elementor-widget-container\">\n\t\t\t\t\t<div class=\"elementor-image-box-wrapper\"><figure class=\"elementor-image-box-img\"><a href=\"https:\/\/www.tradas.com\/fr\/gestion-traduction\/processus-interpretation\/\" tabindex=\"-1\"><img decoding=\"async\" width=\"84\" height=\"82\" src=\"https:\/\/www.tradas.com\/wp-content\/uploads\/2017\/07\/interpretation-icon_new.png\" class=\"attachment-full size-full wp-image-1580\" alt=\"\" \/><\/a><\/figure><div class=\"elementor-image-box-content\"><h4 class=\"elementor-image-box-title\"><a href=\"https:\/\/www.tradas.com\/fr\/gestion-traduction\/processus-interpretation\/\">Processus d'interpretation<\/a><\/h4><\/div><\/div>\t\t\t\t<\/div>\n\t\t\t\t<\/div>\n\t\t\t\t\t<\/div>\n\t\t<\/div>\n\t\t\t\t\t<\/div>\n\t\t<\/section>\n\t\t\t\t\t<\/div>\n\t\t<\/div>\n\t\t\t\t\t<\/div>\n\t\t<\/section>\n\t\t\t\t<section class=\"elementor-section elementor-top-section elementor-element elementor-element-0fcfdb0 elementor-section-boxed elementor-section-height-default elementor-section-height-default\" data-id=\"0fcfdb0\" data-element_type=\"section\" data-e-type=\"section\">\n\t\t\t\t\t\t<div class=\"elementor-container elementor-column-gap-default\">\n\t\t\t\t\t<div class=\"elementor-column elementor-col-100 elementor-top-column elementor-element elementor-element-e68dd89\" data-id=\"e68dd89\" data-element_type=\"column\" data-e-type=\"column\">\n\t\t\t<div class=\"elementor-widget-wrap elementor-element-populated\">\n\t\t\t\t\t\t<div class=\"elementor-element elementor-element-cab0464 elementor-widget elementor-widget-shortcode\" data-id=\"cab0464\" data-element_type=\"widget\" data-e-type=\"widget\" data-widget_type=\"shortcode.default\">\n\t\t\t\t<div class=\"elementor-widget-container\">\n\t\t\t\t\t\t\t<div class=\"elementor-shortcode\">\t\t<div data-elementor-type=\"section\" data-elementor-id=\"11484\" class=\"elementor elementor-11484\" data-elementor-post-type=\"elementor_library\">\n\t\t\t\t\t<section class=\"elementor-section elementor-top-section elementor-element elementor-element-27f03d1 elementor-section-boxed elementor-section-height-default elementor-section-height-default\" data-id=\"27f03d1\" data-element_type=\"section\" data-e-type=\"section\">\n\t\t\t\t\t\t<div class=\"elementor-container elementor-column-gap-default\">\n\t\t\t\t\t<div class=\"elementor-column elementor-col-100 elementor-top-column elementor-element elementor-element-cd7e92e\" data-id=\"cd7e92e\" data-element_type=\"column\" data-e-type=\"column\">\n\t\t\t<div class=\"elementor-widget-wrap elementor-element-populated\">\n\t\t\t\t\t\t<div class=\"elementor-element elementor-element-f105572 elementor-widget elementor-widget-jet-breadcrumbs\" data-id=\"f105572\" data-element_type=\"widget\" data-e-type=\"widget\" data-widget_type=\"jet-breadcrumbs.default\">\n\t\t\t\t<div class=\"elementor-widget-container\">\n\t\t\t\t\t<div class=\"elementor-jet-breadcrumbs jet-blocks\">\n\t\t<div class=\"jet-breadcrumbs\">\n\t\t<div class=\"jet-breadcrumbs__content\">\n\t\t<div class=\"jet-breadcrumbs__wrap\"><div class=\"jet-breadcrumbs__item\"><a href=\"https:\/\/www.tradas.com\/fr\/\" class=\"jet-breadcrumbs__item-link is-home\" rel=\"home\" title=\"Accueil\">Accueil<\/a><\/div>\n\t\t<\/div>\n\t\t<\/div>\n\t\t<\/div><\/div>\t\t\t\t<\/div>\n\t\t\t\t<\/div>\n\t\t\t\t\t<\/div>\n\t\t<\/div>\n\t\t\t\t\t<\/div>\n\t\t<\/section>\n\t\t\t\t<\/div>\n\t\t<\/div>\n\t\t\t\t\t\t<\/div>\n\t\t\t\t<\/div>\n\t\t\t\t\t<\/div>\n\t\t<\/div>\n\t\t\t\t\t<\/div>\n\t\t<\/section>\n\t\t\t\t<section class=\"elementor-section elementor-top-section elementor-element elementor-element-252ddf3 elementor-section-boxed elementor-section-height-default elementor-section-height-default\" data-id=\"252ddf3\" data-element_type=\"section\" data-e-type=\"section\">\n\t\t\t\t\t\t<div class=\"elementor-container elementor-column-gap-default\">\n\t\t\t\t\t<div class=\"elementor-column elementor-col-100 elementor-top-column elementor-element elementor-element-007bf11 col-extra-padding\" data-id=\"007bf11\" data-element_type=\"column\" data-e-type=\"column\">\n\t\t\t<div class=\"elementor-widget-wrap elementor-element-populated\">\n\t\t\t\t\t\t<div class=\"elementor-element elementor-element-e190278 elementor-widget elementor-widget-heading\" data-id=\"e190278\" data-element_type=\"widget\" data-e-type=\"widget\" data-widget_type=\"heading.default\">\n\t\t\t\t<div class=\"elementor-widget-container\">\n\t\t\t\t\t<h2 class=\"elementor-heading-title elementor-size-default\">D\u00e9couvrez comment\nnotre processus de traduction et de localisation\ns\u2019applique \u00e0 votre activit\u00e9<\/h2>\t\t\t\t<\/div>\n\t\t\t\t<\/div>\n\t\t\t\t<div class=\"elementor-element elementor-element-01991bc elementor-widget elementor-widget-text-editor\" data-id=\"01991bc\" data-element_type=\"widget\" data-e-type=\"widget\" data-widget_type=\"text-editor.default\">\n\t\t\t\t<div class=\"elementor-widget-container\">\n\t\t\t\t\t\t\t\t\t<p>De la communication de vos exigences \u00e0 la livraison de votre projet et au feed-back\u00a0:<br \/>nous avons un plan pour chaque \u00e9tape du processus.<br \/>Laissez-nous vous guider.<\/p>\t\t\t\t\t\t\t\t<\/div>\n\t\t\t\t<\/div>\n\t\t\t\t<div class=\"elementor-element elementor-element-87a21ac elementor-widget elementor-widget-image\" data-id=\"87a21ac\" data-element_type=\"widget\" data-e-type=\"widget\" data-widget_type=\"image.default\">\n\t\t\t\t<div class=\"elementor-widget-container\">\n\t\t\t\t\t\t\t\t\t\t\t\t\t\t\t<img fetchpriority=\"high\" decoding=\"async\" width=\"1326\" height=\"471\" src=\"https:\/\/www.tradas.com\/wp-content\/uploads\/2017\/08\/translation-process_FR.png\" class=\"attachment-full size-full wp-image-1458\" alt=\"\" srcset=\"https:\/\/www.tradas.com\/wp-content\/uploads\/2017\/08\/translation-process_FR.png 1326w, https:\/\/www.tradas.com\/wp-content\/uploads\/2017\/08\/translation-process_FR-300x107.png 300w, https:\/\/www.tradas.com\/wp-content\/uploads\/2017\/08\/translation-process_FR-1024x364.png 1024w, https:\/\/www.tradas.com\/wp-content\/uploads\/2017\/08\/translation-process_FR-768x273.png 768w\" sizes=\"(max-width: 1326px) 100vw, 1326px\" \/>\t\t\t\t\t\t\t\t\t\t\t\t\t\t\t<\/div>\n\t\t\t\t<\/div>\n\t\t\t\t\t<\/div>\n\t\t<\/div>\n\t\t\t\t\t<\/div>\n\t\t<\/section>\n\t\t\t\t<section class=\"elementor-section elementor-top-section elementor-element elementor-element-fb22a3b elementor-section-boxed elementor-section-height-default elementor-section-height-default\" data-id=\"fb22a3b\" data-element_type=\"section\" data-e-type=\"section\">\n\t\t\t\t\t\t<div class=\"elementor-container elementor-column-gap-default\">\n\t\t\t\t\t<div class=\"elementor-column elementor-col-100 elementor-top-column elementor-element elementor-element-2102fc5\" data-id=\"2102fc5\" data-element_type=\"column\" data-e-type=\"column\">\n\t\t\t<div class=\"elementor-widget-wrap elementor-element-populated\">\n\t\t\t\t\t\t<div class=\"elementor-element elementor-element-c4caa68 elementor-widget elementor-widget-jet-timeline\" data-id=\"c4caa68\" data-element_type=\"widget\" data-e-type=\"widget\" data-widget_type=\"jet-timeline.default\">\n\t\t\t\t<div class=\"elementor-widget-container\">\n\t\t\t\t\t<div class=\"elementor-jet-timeline jet-elements\"><div class=\"jet-timeline jet-timeline--align-center jet-timeline--align-top\">\n\t<div class=\"jet-timeline__line\"><div class=\"jet-timeline__line-progress\"><\/div><\/div>\n\t<div class=\"jet-timeline-list\"><div class=\"jet-timeline-item jet-timeline-item--animated elementor-repeater-item-a20de61 jet-timeline-item--image-inside\">\n\t<div class=\"timeline-item__card\">\n\t\t<div class=\"timeline-item__card-inner\">\n\t\t\t\t\t\t\t\t<div class=\"timeline-item__card-content\">\n\t\t\t\t\t<div class=\"timeline-item__meta\"><div class=\"timeline-item__meta-content\">\u00c9tape 1<\/div><\/div><h5 class=\"timeline-item__card-title\">#1. Parlez-nous de votre projet<\/h5><div class=\"timeline-item__card-desc\"><p>Tous vos projets sont trait\u00e9s par voie \u00e9lectronique. Vos fichiers sources peuvent contenir du texte, des tableaux, des illustrations, ou encore des captures d\u2019\u00e9cran. Nous acceptons une grande diversit\u00e9 de formats : .docx, .xlsx, .pptx, .html, .xml, .tmx, .indd, .fm, etc.*.<\/p><p>* Nous acceptons les documents PDF dans certains cas.<\/p><p>Si vous le souhaitez, nous vous donnerons acc\u00e8s \u00e0 notre <a href=\"\/fr\/espace-client\/\">Espace client<\/a>, une plateforme en ligne qui vous offre un aper\u00e7u de vos projets de traduction en temps r\u00e9el et qui int\u00e8gre un syst\u00e8me de reporting permettant d'envoyer des demandes, de recevoir des devis, de passer des commandes et de consulter les factures.<\/p><\/div>\t\t\t\t<\/div>\n\t\t\t\t\t\t<\/div>\n\t\t<div class=\"timeline-item__card-arrow\"><\/div>\n\t<\/div>\n\t<div class=\"timeline-item__point\"><div class=\"timeline-item__point-content timeline-item__point-content--icon\"><span class=\"jet-elements-icon\"><i aria-hidden=\"true\" class=\"far fa-dot-circle\"><\/i><\/span><\/div><\/div><div class=\"timeline-item__meta\"><div class=\"timeline-item__meta-content\">\u00c9tape 1<\/div><\/div><\/div><div class=\"jet-timeline-item jet-timeline-item--animated elementor-repeater-item-ce94902 jet-timeline-item--image-inside\">\n\t<div class=\"timeline-item__card\">\n\t\t<div class=\"timeline-item__card-inner\">\n\t\t\t\t\t\t\t\t<div class=\"timeline-item__card-content\">\n\t\t\t\t\t<div class=\"timeline-item__meta\"><div class=\"timeline-item__meta-content\">\u00c9tape 2<\/div><\/div><h5 class=\"timeline-item__card-title\">#2. Rencontrez votre gestionnaire de projets <\/h5><div class=\"timeline-item__card-desc\"><p>Votre gestionnaire de projets attitr\u00e9 traitera votre commande dans les plus brefs d\u00e9lais. Il examinera minutieusement les sp\u00e9cificit\u00e9s de votre projet, notamment :<\/p><p>- la sp\u00e9cialisation (domaine d\u2019activit\u00e9\/nature du projet)<br \/>- le(s) service(s) requis<br \/>- l\u2019objectif et le groupe cible<br \/>- la ou les langue(s)<br \/>- le volume<br \/>- le d\u00e9lai<br \/>- le mat\u00e9riel de r\u00e9f\u00e9rence<br \/>- les mises \u00e0 jour de m\u00e9moires de traduction et\/ou glossaires existants<br \/>- le guide de style de votre entreprise<br \/>- le format de publication<\/p><\/div>\t\t\t\t<\/div>\n\t\t\t\t\t\t<\/div>\n\t\t<div class=\"timeline-item__card-arrow\"><\/div>\n\t<\/div>\n\t<div class=\"timeline-item__point\"><div class=\"timeline-item__point-content timeline-item__point-content--icon\"><span class=\"jet-elements-icon\"><i aria-hidden=\"true\" class=\"far fa-dot-circle\"><\/i><\/span><\/div><\/div><div class=\"timeline-item__meta\"><div class=\"timeline-item__meta-content\">\u00c9tape 2<\/div><\/div><\/div><div class=\"jet-timeline-item jet-timeline-item--animated elementor-repeater-item-9a96ebe jet-timeline-item--image-inside\">\n\t<div class=\"timeline-item__card\">\n\t\t<div class=\"timeline-item__card-inner\">\n\t\t\t\t\t\t\t\t<div class=\"timeline-item__card-content\">\n\t\t\t\t\t<div class=\"timeline-item__meta\"><div class=\"timeline-item__meta-content\">\u00c9tape 3<\/div><\/div><h5 class=\"timeline-item__card-title\">#3. Recevez votre devis<\/h5><div class=\"timeline-item__card-desc\"><p>Vous recevrez un devis tenant compte de vos exigences sp\u00e9cifiques.<\/p><\/div>\t\t\t\t<\/div>\n\t\t\t\t\t\t<\/div>\n\t\t<div class=\"timeline-item__card-arrow\"><\/div>\n\t<\/div>\n\t<div class=\"timeline-item__point\"><div class=\"timeline-item__point-content timeline-item__point-content--icon\"><span class=\"jet-elements-icon\"><i aria-hidden=\"true\" class=\"far fa-dot-circle\"><\/i><\/span><\/div><\/div><div class=\"timeline-item__meta\"><div class=\"timeline-item__meta-content\">\u00c9tape 3<\/div><\/div><\/div><div class=\"jet-timeline-item jet-timeline-item--animated elementor-repeater-item-038774a jet-timeline-item--image-inside\">\n\t<div class=\"timeline-item__card\">\n\t\t<div class=\"timeline-item__card-inner\">\n\t\t\t\t\t\t\t\t<div class=\"timeline-item__card-content\">\n\t\t\t\t\t<div class=\"timeline-item__meta\"><div class=\"timeline-item__meta-content\">\u00c9tape 4<\/div><\/div><h5 class=\"timeline-item__card-title\">#4. Commandez<\/h5><div class=\"timeline-item__card-desc\"><p>Vous \u00eates pr\u00eat \u00e0 nous confier votre projet ? Il vous suffit alors de le confirmer. Nous veillerons \u00e0 traiter votre projet dans le d\u00e9lai fix\u00e9 avec vous. Vous pouvez dormir sur vos deux oreilles.<\/p><\/div>\t\t\t\t<\/div>\n\t\t\t\t\t\t<\/div>\n\t\t<div class=\"timeline-item__card-arrow\"><\/div>\n\t<\/div>\n\t<div class=\"timeline-item__point\"><div class=\"timeline-item__point-content timeline-item__point-content--icon\"><span class=\"jet-elements-icon\"><i aria-hidden=\"true\" class=\"far fa-dot-circle\"><\/i><\/span><\/div><\/div><div class=\"timeline-item__meta\"><div class=\"timeline-item__meta-content\">\u00c9tape 4<\/div><\/div><\/div><div class=\"jet-timeline-item jet-timeline-item--animated elementor-repeater-item-2277817 jet-timeline-item--image-inside\">\n\t<div class=\"timeline-item__card\">\n\t\t<div class=\"timeline-item__card-inner\">\n\t\t\t\t\t\t\t\t<div class=\"timeline-item__card-content\">\n\t\t\t\t\t<div class=\"timeline-item__meta\"><div class=\"timeline-item__meta-content\">\u00c9tape 5<\/div><\/div><h5 class=\"timeline-item__card-title\">#5. \u00c9quipe, outils et planning<\/h5><div class=\"timeline-item__card-desc\"><p>Votre gestionnaire de projets constituera la bonne \u00e9quipe pour la prise en charge de votre projet. Celle-ci sera compos\u00e9e d\u2019experts dans votre domaine, de linguistes et de sp\u00e9cialistes techniques. Votre gestionnaire \u00e9tablira \u00e9galement un planning de travail. Pour un aper\u00e7u des d\u00e9lais de livraison typiques en fonction du volume \u00e0 traiter, consultez notre <a href=\"\/fr\/faq\/#timing\">tableau<\/a>.<\/p><\/div>\t\t\t\t<\/div>\n\t\t\t\t\t\t<\/div>\n\t\t<div class=\"timeline-item__card-arrow\"><\/div>\n\t<\/div>\n\t<div class=\"timeline-item__point\"><div class=\"timeline-item__point-content timeline-item__point-content--icon\"><span class=\"jet-elements-icon\"><i aria-hidden=\"true\" class=\"far fa-dot-circle\"><\/i><\/span><\/div><\/div><div class=\"timeline-item__meta\"><div class=\"timeline-item__meta-content\">\u00c9tape 5<\/div><\/div><\/div><div class=\"jet-timeline-item jet-timeline-item--animated elementor-repeater-item-783568b jet-timeline-item--image-inside\">\n\t<div class=\"timeline-item__card\">\n\t\t<div class=\"timeline-item__card-inner\">\n\t\t\t\t\t\t\t\t<div class=\"timeline-item__card-content\">\n\t\t\t\t\t<div class=\"timeline-item__meta\"><div class=\"timeline-item__meta-content\">\u00c9tape 6<\/div><\/div><h5 class=\"timeline-item__card-title\">#6. Pr\u00e9paration pour traduction<\/h5><div class=\"timeline-item__card-desc\"><p>Nos outils d\u2019aide \u00e0 la traduction (m\u00e9moires et glossaires) soutiendront l\u2019\u00e9quipe en charge de votre projet et vous garantiront une utilisation parfaite de votre terminologie. R\u00e9sultat : un gain de temps et d\u2019argent et une qualit\u00e9 optimale.<\/p><\/div>\t\t\t\t<\/div>\n\t\t\t\t\t\t<\/div>\n\t\t<div class=\"timeline-item__card-arrow\"><\/div>\n\t<\/div>\n\t<div class=\"timeline-item__point\"><div class=\"timeline-item__point-content timeline-item__point-content--icon\"><span class=\"jet-elements-icon\"><i aria-hidden=\"true\" class=\"far fa-dot-circle\"><\/i><\/span><\/div><\/div><div class=\"timeline-item__meta\"><div class=\"timeline-item__meta-content\">\u00c9tape 6<\/div><\/div><\/div><div class=\"jet-timeline-item jet-timeline-item--animated elementor-repeater-item-7ac4884 jet-timeline-item--image-inside\">\n\t<div class=\"timeline-item__card\">\n\t\t<div class=\"timeline-item__card-inner\">\n\t\t\t\t\t\t\t\t<div class=\"timeline-item__card-content\">\n\t\t\t\t\t<div class=\"timeline-item__meta\"><div class=\"timeline-item__meta-content\">\u00c9tape 7<\/div><\/div><h5 class=\"timeline-item__card-title\">#7. Traduction et \u00e9valuation qualit\u00e9<\/h5><div class=\"timeline-item__card-desc\"><p>Ce processus se d\u00e9roule en deux temps : tout d\u2019abord la traduction proprement dite, suivie par une r\u00e9vision linguistique minutieuse. Nous faisons pour cela appel \u00e0 des sp\u00e9cialistes de votre domaine. Toutes les r\u00e9visions impliquent une \u00e9valuation de la qualit\u00e9 et une v\u00e9rification de la s\u00e9mantique, de l\u2019orthographe, de la grammaire, de la syntaxe, de la terminologie sp\u00e9cifique et du style.<\/p><\/div>\t\t\t\t<\/div>\n\t\t\t\t\t\t<\/div>\n\t\t<div class=\"timeline-item__card-arrow\"><\/div>\n\t<\/div>\n\t<div class=\"timeline-item__point\"><div class=\"timeline-item__point-content timeline-item__point-content--icon\"><span class=\"jet-elements-icon\"><i aria-hidden=\"true\" class=\"far fa-dot-circle\"><\/i><\/span><\/div><\/div><div class=\"timeline-item__meta\"><div class=\"timeline-item__meta-content\">\u00c9tape 7<\/div><\/div><\/div><div class=\"jet-timeline-item jet-timeline-item--animated elementor-repeater-item-4fa9b97 jet-timeline-item--image-inside\">\n\t<div class=\"timeline-item__card\">\n\t\t<div class=\"timeline-item__card-inner\">\n\t\t\t\t\t\t\t\t<div class=\"timeline-item__card-content\">\n\t\t\t\t\t<div class=\"timeline-item__meta\"><div class=\"timeline-item__meta-content\">\u00c9tape 8<\/div><\/div><h5 class=\"timeline-item__card-title\">#8. Mise en forme et \u00e9valuation qualit\u00e9<\/h5><div class=\"timeline-item__card-desc\"><p>Votre travail sera publi\u00e9 au format \u00e9lectronique (publication assist\u00e9e par ordinateur), apr\u00e8s quoi nous \u00e9valuerons, \u00e9diterons et r\u00e9aliserons le contr\u00f4le qualit\u00e9 de la mise en page, des polices, de la pagination, des images, des livrables, etc., dans le respect du guide de style de votre marque.<\/p><\/div>\t\t\t\t<\/div>\n\t\t\t\t\t\t<\/div>\n\t\t<div class=\"timeline-item__card-arrow\"><\/div>\n\t<\/div>\n\t<div class=\"timeline-item__point\"><div class=\"timeline-item__point-content timeline-item__point-content--icon\"><span class=\"jet-elements-icon\"><i aria-hidden=\"true\" class=\"far fa-dot-circle\"><\/i><\/span><\/div><\/div><div class=\"timeline-item__meta\"><div class=\"timeline-item__meta-content\">\u00c9tape 8<\/div><\/div><\/div><div class=\"jet-timeline-item jet-timeline-item--animated elementor-repeater-item-2482b8a jet-timeline-item--image-inside\">\n\t<div class=\"timeline-item__card\">\n\t\t<div class=\"timeline-item__card-inner\">\n\t\t\t\t\t\t\t\t<div class=\"timeline-item__card-content\">\n\t\t\t\t\t<div class=\"timeline-item__meta\"><div class=\"timeline-item__meta-content\">\u00c9tape 9<\/div><\/div><h5 class=\"timeline-item__card-title\">#9. Livraison<\/h5><div class=\"timeline-item__card-desc\"><p>Le produit fini sera livr\u00e9 \u00e0 temps et conform\u00e9ment \u00e0 vos objectifs.<\/p><\/div>\t\t\t\t<\/div>\n\t\t\t\t\t\t<\/div>\n\t\t<div class=\"timeline-item__card-arrow\"><\/div>\n\t<\/div>\n\t<div class=\"timeline-item__point\"><div class=\"timeline-item__point-content timeline-item__point-content--icon\"><span class=\"jet-elements-icon\"><i aria-hidden=\"true\" class=\"far fa-dot-circle\"><\/i><\/span><\/div><\/div><div class=\"timeline-item__meta\"><div class=\"timeline-item__meta-content\">\u00c9tape 9<\/div><\/div><\/div><div class=\"jet-timeline-item jet-timeline-item--animated elementor-repeater-item-f1ebb4f jet-timeline-item--image-inside\">\n\t<div class=\"timeline-item__card\">\n\t\t<div class=\"timeline-item__card-inner\">\n\t\t\t\t\t\t\t\t<div class=\"timeline-item__card-content\">\n\t\t\t\t\t<div class=\"timeline-item__meta\"><div class=\"timeline-item__meta-content\">\u00c9tape 10<\/div><\/div><h5 class=\"timeline-item__card-title\">#10. Feed-back<\/h5><div class=\"timeline-item__card-desc\"><p>Vous serez invit\u00e9 \u00e0 donner votre feed-back sur notre travail. Notre taux de satisfaction client est actuellement de 99 %.<\/p><\/div>\t\t\t\t<\/div>\n\t\t\t\t\t\t<\/div>\n\t\t<div class=\"timeline-item__card-arrow\"><\/div>\n\t<\/div>\n\t<div class=\"timeline-item__point\"><div class=\"timeline-item__point-content timeline-item__point-content--icon\"><span class=\"jet-elements-icon\"><i aria-hidden=\"true\" class=\"far fa-dot-circle\"><\/i><\/span><\/div><\/div><div class=\"timeline-item__meta\"><div class=\"timeline-item__meta-content\">\u00c9tape 10<\/div><\/div><\/div><\/div><\/div><\/div>\t\t\t\t<\/div>\n\t\t\t\t<\/div>\n\t\t\t\t\t<\/div>\n\t\t<\/div>\n\t\t\t\t\t<\/div>\n\t\t<\/section>\n\t\t\t\t<\/div>\n\t\t","protected":false},"excerpt":{"rendered":"<p>Traduction et localisation \u2013 \u00e9tape par \u00e9tape Processus de traduction Processus d&rsquo;interpretation D\u00e9couvrez comment notre processus de traduction et de localisation s\u2019applique \u00e0 votre activit\u00e9 De la communication de vos exigences \u00e0 la livraison de votre projet et au feed-back\u00a0:nous avons un plan pour chaque \u00e9tape du processus.Laissez-nous vous guider. \u00c9tape 1 #1. Parlez-nous de [&hellip;]<\/p>\n","protected":false},"author":12,"featured_media":0,"parent":3156,"menu_order":0,"comment_status":"closed","ping_status":"closed","template":"","meta":{"footnotes":""},"class_list":["post-3015","page","type-page","status-publish","hentry"],"_links":{"self":[{"href":"https:\/\/www.tradas.com\/fr\/wp-json\/wp\/v2\/pages\/3015","targetHints":{"allow":["GET"]}}],"collection":[{"href":"https:\/\/www.tradas.com\/fr\/wp-json\/wp\/v2\/pages"}],"about":[{"href":"https:\/\/www.tradas.com\/fr\/wp-json\/wp\/v2\/types\/page"}],"author":[{"embeddable":true,"href":"https:\/\/www.tradas.com\/fr\/wp-json\/wp\/v2\/users\/12"}],"replies":[{"embeddable":true,"href":"https:\/\/www.tradas.com\/fr\/wp-json\/wp\/v2\/comments?post=3015"}],"version-history":[{"count":0,"href":"https:\/\/www.tradas.com\/fr\/wp-json\/wp\/v2\/pages\/3015\/revisions"}],"up":[{"embeddable":true,"href":"https:\/\/www.tradas.com\/fr\/wp-json\/wp\/v2\/pages\/3156"}],"wp:attachment":[{"href":"https:\/\/www.tradas.com\/fr\/wp-json\/wp\/v2\/media?parent=3015"}],"curies":[{"name":"wp","href":"https:\/\/api.w.org\/{rel}","templated":true}]}}